{"id":8,"date":"2014-03-28T16:39:04","date_gmt":"2014-03-28T14:39:04","guid":{"rendered":"http:\/\/hohebuchen.von-huelsen.de\/?page_id=8"},"modified":"2015-05-12T15:39:10","modified_gmt":"2015-05-12T13:39:10","slug":"unser-haus","status":"publish","type":"page","link":"http:\/\/hohebuchen.von-huelsen.de\/?page_id=8","title":{"rendered":"Unser Haus"},"content":{"rendered":"<p style=\"text-align: center;\"><strong>Holsteinische Schweiz \u2013 \u201cdie Landschaft ist eine der lieblichsten Deutschlands\u201d<\/strong><br \/>\n(K. Baedecker 1849)<\/p>\n<p>Das Landhaus Hohe Buchen in der Holsteinischen Schweiz liegt eingebettet zwischen den Pl\u00f6ner Seen und ist ein kleines pers\u00f6nlich gef\u00fchrtes Landhotel. Es wurde 1913 au\u00dferhalb Pl\u00f6ns mit anderen Landh\u00e4usern in gro\u00dfz\u00fcgig angelegten Villeng\u00e4rten am Waldrand erbaut und ist seit 1918 in Familienbesitz, als Carl Otto Bartels, Oberstaatsanwaltschaftsrat in Kiel, es kaufte.<br \/>\nBeim Eintreten wird man von der gediegenen und gepflegten Atmosph\u00e4re umgeben. Alle Details im Haus sind liebevoll durchdacht und eine Kombination aus Alt und Neu. So wird die Geschichte des traditionsreichen Hauses bewahrt und mit modernen Annehmlichkeiten verbunden.<\/p>\n<p>Das Haus liegt eingebettet in einen park\u00e4hnlichen Garten mit altem Baumbestand. Als Hobby-Dendrologe (Baumkundler) brachte Carl Otto Bartels nach seiner Pensionierung von ausgedehnten Auslandsreisen viele seltene Pflanzen mit, die er im weitl\u00e4ufigen Garten kultivierte. Einige davon sind noch heute dort zu finden.<br \/>\nSeine Frau Bertha Bartels war eine begeisterte Malerin. Einige ihrer Bilder und Skizzen zieren heute die W\u00e4nde des Hauses.<br \/>\nEnkelin Birgita von H\u00fclsen und ihr Mann Ulf er\u00f6ffneten nach baulichen Ver\u00e4nderungen im Jahr 2000 das Landhaus Hohe Buchen. Von Birgita stammen die Entw\u00fcrfe f\u00fcr das bunte Fr\u00fchst\u00fccksgeschirr. Urenkelin Julia von H\u00fclsen k\u00fcmmert sich als Restauratorin und Fassmalerin um die Innengestaltung des Hauses.<\/p>\n<p><span style=\"line-height: 1.714285714; font-size: 1rem;\">Etwa 20 km von der Ostsee und zwischen den zwei Seen, Trammer- und Sch\u00f6hsee gelegen bietet das Haus den Vorteil, nur ca. 15. Gehminuten vom Stadtzentrum entfernt zu sein. Der Europawanderweg und andere Spazierwege f\u00fchren in unmittelbarer N\u00e4he am Grundst\u00fcck vorbei.<\/span><\/p>\n","protected":false},"excerpt":{"rendered":"<p>Holsteinische Schweiz \u2013 \u201cdie Landschaft ist eine der lieblichsten Deutschlands\u201d (K. Baedecker 1849) Das Landhaus Hohe Buchen in der Holsteinischen Schweiz liegt eingebettet zwischen den Pl\u00f6ner Seen und ist ein kleines pers\u00f6nlich gef\u00fchrtes Landhotel. Es wurde 1913 au\u00dferhalb Pl\u00f6ns mit anderen Landh\u00e4usern in gro\u00dfz\u00fcgig angelegten Villeng\u00e4rten am Waldrand erbaut und ist seit 1918 in Familienbesitz, [&hellip;]<\/p>\n","protected":false},"author":1,"featured_media":0,"parent":0,"menu_order":2,"comment_status":"closed","ping_status":"open","template":"","meta":{"footnotes":""},"_links":{"self":[{"href":"http:\/\/hohebuchen.von-huelsen.de\/index.php?rest_route=\/wp\/v2\/pages\/8"}],"collection":[{"href":"http:\/\/hohebuchen.von-huelsen.de\/index.php?rest_route=\/wp\/v2\/pages"}],"about":[{"href":"http:\/\/hohebuchen.von-huelsen.de\/index.php?rest_route=\/wp\/v2\/types\/page"}],"author":[{"embeddable":true,"href":"http:\/\/hohebuchen.von-huelsen.de\/index.php?rest_route=\/wp\/v2\/users\/1"}],"replies":[{"embeddable":true,"href":"http:\/\/hohebuchen.von-huelsen.de\/index.php?rest_route=%2Fwp%2Fv2%2Fcomments&post=8"}],"version-history":[{"count":21,"href":"http:\/\/hohebuchen.von-huelsen.de\/index.php?rest_route=\/wp\/v2\/pages\/8\/revisions"}],"predecessor-version":[{"id":577,"href":"http:\/\/hohebuchen.von-huelsen.de\/index.php?rest_route=\/wp\/v2\/pages\/8\/revisions\/577"}],"wp:attachment":[{"href":"http:\/\/hohebuchen.von-huelsen.de\/index.php?rest_route=%2Fwp%2Fv2%2Fmedia&parent=8"}],"curies":[{"name":"wp","href":"https:\/\/api.w.org\/{rel}","templated":true}]}}