{"id":216,"date":"2014-06-30T15:32:14","date_gmt":"2014-06-30T13:32:14","guid":{"rendered":"http:\/\/hohebuchen.von-huelsen.de\/?page_id=216"},"modified":"2014-07-24T03:00:03","modified_gmt":"2014-07-24T01:00:03","slug":"presse","status":"publish","type":"page","link":"http:\/\/hohebuchen.von-huelsen.de\/?page_id=216","title":{"rendered":"Presse"},"content":{"rendered":"<p>In Folgenden Ver\u00f6ffentlichungen wurde bisher \u00fcber das Landhaus Hohe Buchen berichtet:<\/p>\n<p><a href=\"http:\/\/hohebuchen.von-huelsen.de\/wp-content\/uploads\/2014\/06\/WS14L2t_rep_hohe_buchen_text.pdf\">&#8222;Wohnen und Garten &#8211; Landhaus&#8220;,<\/a> 2\/2014<br \/>\n&#8222;Kleine Refugien &#8211; 160 charmante Unterk\u00fcnfte zum Wohlf\u00fchlen&#8220;, v. Angela St\u00fcrzl, 2013<br \/>\n&#8222;Frauen Art unterwegs&#8220;, 2013, Busse Verlag, ISBN 978-3-512-04020-7<br \/>\n&#8222;Landfrisch&#8220;, Sept.\/Okt. 2012<br \/>\n&#8222;Wohnen Tr\u00e4ume&#8220;, 4\/2012,<br \/>\n&#8222;Holsteinische Schweiz &#8211; Trends und Lifestyle&#8220;, 2010 Neuer Umschau Buchverlag<br \/>\n&#8222;Sehnsucht Deutschland&#8220;, 3\/2010<br \/>\n&#8222;Landgang &#8211; mein sch\u00f6ner Norden&#8220;, 2\/2013<br \/>\n&#8222;Dogs&#8220;, 5\/2007<\/p>\n","protected":false},"excerpt":{"rendered":"<p>In Folgenden Ver\u00f6ffentlichungen wurde bisher \u00fcber das Landhaus Hohe Buchen berichtet: &#8222;Wohnen und Garten &#8211; Landhaus&#8220;, 2\/2014 &#8222;Kleine Refugien &#8211; 160 charmante Unterk\u00fcnfte zum Wohlf\u00fchlen&#8220;, v. Angela St\u00fcrzl, 2013 &#8222;Frauen Art unterwegs&#8220;, 2013, Busse Verlag, ISBN 978-3-512-04020-7 &#8222;Landfrisch&#8220;, Sept.\/Okt. 2012 &#8222;Wohnen Tr\u00e4ume&#8220;, 4\/2012, &#8222;Holsteinische Schweiz &#8211; Trends und Lifestyle&#8220;, 2010 Neuer Umschau Buchverlag &#8222;Sehnsucht Deutschland&#8220;, [&hellip;]<\/p>\n","protected":false},"author":1,"featured_media":0,"parent":209,"menu_order":3,"comment_status":"closed","ping_status":"open","template":"","meta":{"footnotes":""},"_links":{"self":[{"href":"http:\/\/hohebuchen.von-huelsen.de\/index.php?rest_route=\/wp\/v2\/pages\/216"}],"collection":[{"href":"http:\/\/hohebuchen.von-huelsen.de\/index.php?rest_route=\/wp\/v2\/pages"}],"about":[{"href":"http:\/\/hohebuchen.von-huelsen.de\/index.php?rest_route=\/wp\/v2\/types\/page"}],"author":[{"embeddable":true,"href":"http:\/\/hohebuchen.von-huelsen.de\/index.php?rest_route=\/wp\/v2\/users\/1"}],"replies":[{"embeddable":true,"href":"http:\/\/hohebuchen.von-huelsen.de\/index.php?rest_route=%2Fwp%2Fv2%2Fcomments&post=216"}],"version-history":[{"count":4,"href":"http:\/\/hohebuchen.von-huelsen.de\/index.php?rest_route=\/wp\/v2\/pages\/216\/revisions"}],"predecessor-version":[{"id":313,"href":"http:\/\/hohebuchen.von-huelsen.de\/index.php?rest_route=\/wp\/v2\/pages\/216\/revisions\/313"}],"up":[{"embeddable":true,"href":"http:\/\/hohebuchen.von-huelsen.de\/index.php?rest_route=\/wp\/v2\/pages\/209"}],"wp:attachment":[{"href":"http:\/\/hohebuchen.von-huelsen.de\/index.php?rest_route=%2Fwp%2Fv2%2Fmedia&parent=216"}],"curies":[{"name":"wp","href":"https:\/\/api.w.org\/{rel}","templated":true}]}}