{"id":209,"date":"2014-06-30T15:31:16","date_gmt":"2014-06-30T13:31:16","guid":{"rendered":"http:\/\/hohebuchen.von-huelsen.de\/?page_id=209"},"modified":"2015-03-31T14:01:03","modified_gmt":"2015-03-31T12:01:03","slug":"service","status":"publish","type":"page","link":"http:\/\/hohebuchen.von-huelsen.de\/?page_id=209","title":{"rendered":"Service"},"content":{"rendered":"<p>Wir m\u00f6chten, da\u00df Sie einen besonders angenehmen Aufenthalt im Landhaus Hohe Buchen in Pl\u00f6n verbringen.<br \/>\nDaher bem\u00fchen wir uns , unseren Service auf Ihre Bed\u00fcrfnisse auszurichten.<\/p>\n<p>Auf den folgenden Unterseiten finden Sie noch einige wichtige Informationen, die Ihnen weiterhelfen sollen.<br \/>\nF\u00fcr zus\u00e4tzliche Fragen und W\u00fcnsche sind wir gerne pers\u00f6nlich f\u00fcr Sie da!<\/p>\n","protected":false},"excerpt":{"rendered":"<p>Wir m\u00f6chten, da\u00df Sie einen besonders angenehmen Aufenthalt im Landhaus Hohe Buchen in Pl\u00f6n verbringen. Daher bem\u00fchen wir uns , unseren Service auf Ihre Bed\u00fcrfnisse auszurichten. Auf den folgenden Unterseiten finden Sie noch einige wichtige Informationen, die Ihnen weiterhelfen sollen. F\u00fcr zus\u00e4tzliche Fragen und W\u00fcnsche sind wir gerne pers\u00f6nlich f\u00fcr Sie da!<\/p>\n","protected":false},"author":1,"featured_media":0,"parent":0,"menu_order":5,"comment_status":"closed","ping_status":"open","template":"","meta":{"footnotes":""},"_links":{"self":[{"href":"http:\/\/hohebuchen.von-huelsen.de\/index.php?rest_route=\/wp\/v2\/pages\/209"}],"collection":[{"href":"http:\/\/hohebuchen.von-huelsen.de\/index.php?rest_route=\/wp\/v2\/pages"}],"about":[{"href":"http:\/\/hohebuchen.von-huelsen.de\/index.php?rest_route=\/wp\/v2\/types\/page"}],"author":[{"embeddable":true,"href":"http:\/\/hohebuchen.von-huelsen.de\/index.php?rest_route=\/wp\/v2\/users\/1"}],"replies":[{"embeddable":true,"href":"http:\/\/hohebuchen.von-huelsen.de\/index.php?rest_route=%2Fwp%2Fv2%2Fcomments&post=209"}],"version-history":[{"count":2,"href":"http:\/\/hohebuchen.von-huelsen.de\/index.php?rest_route=\/wp\/v2\/pages\/209\/revisions"}],"predecessor-version":[{"id":395,"href":"http:\/\/hohebuchen.von-huelsen.de\/index.php?rest_route=\/wp\/v2\/pages\/209\/revisions\/395"}],"wp:attachment":[{"href":"http:\/\/hohebuchen.von-huelsen.de\/index.php?rest_route=%2Fwp%2Fv2%2Fmedia&parent=209"}],"curies":[{"name":"wp","href":"https:\/\/api.w.org\/{rel}","templated":true}]}}