{"id":18,"date":"2014-03-28T16:41:44","date_gmt":"2014-03-28T14:41:44","guid":{"rendered":"http:\/\/hohebuchen.von-huelsen.de\/?page_id=18"},"modified":"2015-05-04T22:31:10","modified_gmt":"2015-05-04T20:31:10","slug":"preise","status":"publish","type":"page","link":"http:\/\/hohebuchen.von-huelsen.de\/?page_id=18","title":{"rendered":"Preise"},"content":{"rendered":"\n<table id=\"tablepress-2\" class=\"tablepress tablepress-id-2\">\n<tbody class=\"row-hover\">\n<tr class=\"row-1 odd\">\n\t<td class=\"column-1\">Doppelzimmer<\/td><td class=\"column-2\">ab 110,00 Euro<\/td>\n<\/tr>\n<tr class=\"row-2 even\">\n\t<td class=\"column-1\">Doppelzimmer<br \/>\nzur Einzelnutzung<\/td><td class=\"column-2\">ab 90,00 Euro<\/td>\n<\/tr>\n<tr class=\"row-3 odd\">\n\t<td class=\"column-1\">Einzelzimmer<\/td><td class=\"column-2\">ab 80,00 Euro<\/td>\n<\/tr>\n<tr class=\"row-4 even\">\n\t<td class=\"column-1\">Suite<br \/>\n(Schlafzimmer, Wohnzimmer, kleine Wohnk\u00fcche, Duschbad)<\/td><td class=\"column-2\">ab 170,00 Euro<\/td>\n<\/tr>\n<tr class=\"row-5 odd\">\n\t<td class=\"column-1\">bei Kurz\u00fcbernachtung berechnen wir<\/td><td class=\"column-2\">5,00 Euro Zuschlag pro Person<\/td>\n<\/tr>\n<\/tbody>\n<\/table>\n<!-- #tablepress-2 from cache -->\n<p>In einigen Zimmern d\u00fcrfen auch Hunde wohnen. Wenn sie sich an die Hausordnung halten und nicht \u00fcberm\u00e4\u00dfige Verschmutzung verursachen, m\u00fcssen Sie nicht zahlen. Wir bitten um rechtzeitige Anfrage!<\/p>\n<p>F\u00fcr Reservierungsanfragen nehmen wir gern Ihren Anruf pers\u00f6nlich entgegen.<\/p>\n<p>Sie erreichen uns unter Tel.: 04522 \u2013 789 410.<br \/>\nOder senden Sie uns ein Fax: 04522 \u2013 789 428.<\/p>\n<p>Grunds\u00e4tzlich ist die Anreise zwischen 16 und 19 Uhr m\u00f6glich. Sollten Sie\u00a0fr\u00fcher oder sp\u00e4ter anreisen wollen, bitten wir um telefonische Vereinbarung.<br \/>\nAm Abreisetag steht Ihnen Ihr Zimmer gerne bis 11 Uhr zur Verf\u00fcgung.<\/p>\n","protected":false},"excerpt":{"rendered":"<p>In einigen Zimmern d\u00fcrfen auch Hunde wohnen. Wenn sie sich an die Hausordnung halten und nicht \u00fcberm\u00e4\u00dfige Verschmutzung verursachen, m\u00fcssen Sie nicht zahlen. Wir bitten um rechtzeitige Anfrage! F\u00fcr Reservierungsanfragen nehmen wir gern Ihren Anruf pers\u00f6nlich entgegen. Sie erreichen uns unter Tel.: 04522 \u2013 789 410. Oder senden Sie uns ein Fax: 04522 \u2013 789 [&hellip;]<\/p>\n","protected":false},"author":1,"featured_media":0,"parent":0,"menu_order":4,"comment_status":"closed","ping_status":"open","template":"","meta":{"footnotes":""},"_links":{"self":[{"href":"http:\/\/hohebuchen.von-huelsen.de\/index.php?rest_route=\/wp\/v2\/pages\/18"}],"collection":[{"href":"http:\/\/hohebuchen.von-huelsen.de\/index.php?rest_route=\/wp\/v2\/pages"}],"about":[{"href":"http:\/\/hohebuchen.von-huelsen.de\/index.php?rest_route=\/wp\/v2\/types\/page"}],"author":[{"embeddable":true,"href":"http:\/\/hohebuchen.von-huelsen.de\/index.php?rest_route=\/wp\/v2\/users\/1"}],"replies":[{"embeddable":true,"href":"http:\/\/hohebuchen.von-huelsen.de\/index.php?rest_route=%2Fwp%2Fv2%2Fcomments&post=18"}],"version-history":[{"count":8,"href":"http:\/\/hohebuchen.von-huelsen.de\/index.php?rest_route=\/wp\/v2\/pages\/18\/revisions"}],"predecessor-version":[{"id":500,"href":"http:\/\/hohebuchen.von-huelsen.de\/index.php?rest_route=\/wp\/v2\/pages\/18\/revisions\/500"}],"wp:attachment":[{"href":"http:\/\/hohebuchen.von-huelsen.de\/index.php?rest_route=%2Fwp%2Fv2%2Fmedia&parent=18"}],"curies":[{"name":"wp","href":"https:\/\/api.w.org\/{rel}","templated":true}]}}